{"id":4269,"date":"2024-04-30T19:12:22","date_gmt":"2024-04-30T17:12:22","guid":{"rendered":"https:\/\/lamelio.pl\/do-pobrania\/"},"modified":"2025-11-05T23:18:30","modified_gmt":"2025-11-05T22:18:30","slug":"do-pobrania","status":"publish","type":"page","link":"https:\/\/lamelio.pl\/fr\/do-pobrania\/","title":{"rendered":"<strong>Lamelio<\/strong>\u00e0 t\u00e9l\u00e9charger"},"content":{"rendered":"<h2 style=\"text-align: center;\">Nous avons pr\u00e9par\u00e9 un ensemble complet de documents PDF \u00e0 t\u00e9l\u00e9charger :<\/h2>\n<ol>\n<li style=\"text-align: center;\"><a href=\"https:\/\/lamelio.pl\/wp-content\/uploads\/2025\/03\/LAMELIO-KATALOG-CHIC-EDITION-pl-1.pdf\" target=\"_blank\" rel=\"noopener\">Catalogue Chic<br data-start=\"88\" data-end=\"91\" \/><\/a><\/li>\n<li style=\"text-align: center;\"><a href=\"https:\/\/lamelio.pl\/wp-content\/uploads\/2024\/04\/KATALOG-LAMELIO-2024-PL.pdf\" target=\"_blank\" rel=\"noopener\">Catalogue Prime et Allure<br data-start=\"116\" data-end=\"119\" \/><\/a><\/li>\n<li style=\"text-align: center;\"><a href=\"https:\/\/lamelio.pl\/wp-content\/uploads\/2024\/12\/CATALOG-LAMELIO-VENEER.pdf\" target=\"_blank\" rel=\"noopener\">Catalogue Veneer<br data-start=\"135\" data-end=\"138\" \/><\/a><\/li>\n<li style=\"text-align: center;\"><a href=\"https:\/\/lamelio.pl\/wp-content\/uploads\/2025\/03\/KATALOG-LISTEW-PRZYPODLOGOWYCH-LAMELIO.pdf\" target=\"_blank\" rel=\"noopener\">Catalogue des plinthes<br data-start=\"160\" data-end=\"163\" \/><\/a><\/li>\n<li style=\"text-align: center;\"><a href=\"https:\/\/lamelio.pl\/wp-content\/uploads\/2024\/09\/gwarancja_pl.pdf\">Garantie<\/a><\/li>\n<li style=\"text-align: center;\"><a href=\"https:\/\/lamelio.pl\/fr\/3d\/\">Mod\u00e8les 3D<br data-start=\"184\" data-end=\"187\" \/><\/a><\/li>\n<li style=\"text-align: center;\"><a href=\"https:\/\/lamelio.pl\/wp-content\/uploads\/2024\/04\/QA-PL.pdf\" target=\"_blank\" rel=\"noopener\">Questions &amp; R\u00e9ponses<br data-start=\"207\" data-end=\"210\" \/><\/a><\/li>\n<li style=\"text-align: center;\"><a href=\"https:\/\/lamelio.pl\/wp-content\/uploads\/2024\/04\/karta-techniczna-PL.pdf\" target=\"_blank\" rel=\"noopener\">Fiche technique Lamelio<br data-start=\"225\" data-end=\"228\" \/><\/a><\/li>\n<li style=\"text-align: center;\"><a href=\"https:\/\/lamelio.pl\/wp-content\/uploads\/2025\/11\/Fiche-Technique-\u2014-Plinthes-Lamelio.pdf\" target=\"_blank\" rel=\"noopener\">Fiche Technique Plinthes Lamelio<\/a><\/li>\n<li style=\"text-align: center;\"><a href=\"https:\/\/lamelio.pl\/wp-content\/uploads\/2024\/04\/instrukacja-malowania-lameli-PL.pdf\" target=\"_blank\" rel=\"noopener\">Notice de peinture<br data-start=\"246\" data-end=\"249\" \/><\/a><\/li>\n<li style=\"text-align: center;\"><a href=\"https:\/\/lamelio.pl\/wp-content\/uploads\/2024\/04\/klasyfikacja_ognioodpornosci_pl.pdf\" target=\"_blank\" rel=\"noopener\">Classement de r\u00e9sistance au feu<br data-start=\"280\" data-end=\"283\" \/><\/a><\/li>\n<li style=\"text-align: center;\"><a href=\"https:\/\/lamelio.pl\/wp-content\/uploads\/2024\/04\/RS-2023_B-026-LA1895-Ars-Longa-Trade-pol.pdf\" target=\"_blank\" rel=\"noopener\">Propri\u00e9t\u00e9s acoustiques du polystyr\u00e8ne<br data-start=\"320\" data-end=\"323\" \/><\/a><\/li>\n<li style=\"text-align: center;\"><a href=\"https:\/\/lamelio.pl\/wp-content\/uploads\/2024\/04\/charakterystyka_kleje_pl.pdf\" target=\"_blank\" rel=\"noopener\">Fiche technique des colles<br data-start=\"349\" data-end=\"352\" \/><\/a><\/li>\n<li style=\"text-align: center;\"><a href=\"https:\/\/lamelio.pl\/wp-content\/uploads\/2024\/04\/Karta-katalogowa-lamp-do-lameli-marki-LAMELIO-PL.pdf\" target=\"_blank\" rel=\"noopener\">Sp\u00e9cification de l\u2019\u00e9clairage LED<\/a><\/li>\n<\/ol>\n<div id=\"gtx-trans\" style=\"position: absolute; left: 598px; top: 107.812px;\">\n<div class=\"gtx-trans-icon\"><\/div>\n<\/div>\n","protected":false},"excerpt":{"rendered":"<p>Nous avons pr\u00e9par\u00e9 un ensemble complet de documents PDF \u00e0 t\u00e9l\u00e9charger : Catalogue Chic Catalogue Prime et Allure Catalogue Veneer Catalogue des plinthes Garantie Mod\u00e8les 3D Questions &amp; R\u00e9ponses Fiche technique Lamelio Fiche Technique Plinthes Lamelio Notice de peinture Classement de r\u00e9sistance au feu Propri\u00e9t\u00e9s acoustiques du polystyr\u00e8ne Fiche technique des colles Sp\u00e9cification de l\u2019\u00e9clairage [&hellip;]<\/p>\n","protected":false},"author":1,"featured_media":0,"parent":0,"menu_order":0,"comment_status":"closed","ping_status":"closed","template":"","meta":{"_acf_changed":false,"footnotes":""},"class_list":["post-4269","page","type-page","status-publish","hentry"],"acf":[],"yoast_head":"<!-- This site is optimized with the Yoast SEO plugin v27.3 - https:\/\/yoast.com\/product\/yoast-seo-wordpress\/ -->\n<title>Lamelio\u00e0 t\u00e9l\u00e9charger - Lamelio Wall Panels<\/title>\n<meta name=\"robots\" content=\"index, follow, max-snippet:-1, max-image-preview:large, max-video-preview:-1\" \/>\n<link rel=\"canonical\" href=\"https:\/\/lamelio.pl\/fr\/do-pobrania\/\" \/>\n<meta property=\"og:locale\" content=\"fr_FR\" \/>\n<meta property=\"og:type\" content=\"article\" \/>\n<meta property=\"og:title\" content=\"Lamelio\u00e0 t\u00e9l\u00e9charger - Lamelio Wall Panels\" \/>\n<meta property=\"og:description\" content=\"Nous avons pr\u00e9par\u00e9 un ensemble complet de documents PDF \u00e0 t\u00e9l\u00e9charger : Catalogue Chic Catalogue Prime et Allure Catalogue Veneer Catalogue des plinthes Garantie Mod\u00e8les 3D Questions &amp; R\u00e9ponses Fiche technique Lamelio Fiche Technique Plinthes Lamelio Notice de peinture Classement de r\u00e9sistance au feu Propri\u00e9t\u00e9s acoustiques du polystyr\u00e8ne Fiche technique des colles Sp\u00e9cification de l\u2019\u00e9clairage [&hellip;]\" \/>\n<meta property=\"og:url\" content=\"https:\/\/lamelio.pl\/fr\/do-pobrania\/\" \/>\n<meta property=\"og:site_name\" content=\"Lamelio Wall Panels\" \/>\n<meta property=\"article:modified_time\" content=\"2025-11-05T22:18:30+00:00\" \/>\n<meta property=\"og:image\" content=\"https:\/\/lamelio.pl\/wp-content\/uploads\/2021\/11\/lamelio_og.png\" \/>\n\t<meta property=\"og:image:width\" content=\"1200\" \/>\n\t<meta property=\"og:image:height\" content=\"630\" \/>\n\t<meta property=\"og:image:type\" content=\"image\/png\" \/>\n<meta name=\"twitter:card\" content=\"summary_large_image\" \/>\n<meta name=\"twitter:label1\" content=\"Dur\u00e9e de lecture estim\u00e9e\" \/>\n\t<meta name=\"twitter:data1\" content=\"1 minute\" \/>\n<script type=\"application\/ld+json\" class=\"yoast-schema-graph\">{\"@context\":\"https:\\\/\\\/schema.org\",\"@graph\":[{\"@type\":\"WebPage\",\"@id\":\"https:\\\/\\\/lamelio.pl\\\/fr\\\/do-pobrania\\\/\",\"url\":\"https:\\\/\\\/lamelio.pl\\\/fr\\\/do-pobrania\\\/\",\"name\":\"Lamelio\u00e0 t\u00e9l\u00e9charger - Lamelio Wall Panels\",\"isPartOf\":{\"@id\":\"https:\\\/\\\/lamelio.pl\\\/fr\\\/#website\"},\"datePublished\":\"2024-04-30T17:12:22+00:00\",\"dateModified\":\"2025-11-05T22:18:30+00:00\",\"breadcrumb\":{\"@id\":\"https:\\\/\\\/lamelio.pl\\\/fr\\\/do-pobrania\\\/#breadcrumb\"},\"inLanguage\":\"fr-FR\",\"potentialAction\":[{\"@type\":\"ReadAction\",\"target\":[\"https:\\\/\\\/lamelio.pl\\\/fr\\\/do-pobrania\\\/\"]}]},{\"@type\":\"BreadcrumbList\",\"@id\":\"https:\\\/\\\/lamelio.pl\\\/fr\\\/do-pobrania\\\/#breadcrumb\",\"itemListElement\":[{\"@type\":\"ListItem\",\"position\":1,\"name\":\"Strona g\u0142\u00f3wna\",\"item\":\"https:\\\/\\\/lamelio.pl\\\/fr\\\/\"},{\"@type\":\"ListItem\",\"position\":2,\"name\":\"Lamelio\u00e0 t\u00e9l\u00e9charger\"}]},{\"@type\":\"WebSite\",\"@id\":\"https:\\\/\\\/lamelio.pl\\\/fr\\\/#website\",\"url\":\"https:\\\/\\\/lamelio.pl\\\/fr\\\/\",\"name\":\"Lamelio Wall Panels\",\"description\":\"Panele dekoracyjne do pokoju i \u0142azienek - odkryj nowe oblicze swoich \u015bcian\",\"potentialAction\":[{\"@type\":\"SearchAction\",\"target\":{\"@type\":\"EntryPoint\",\"urlTemplate\":\"https:\\\/\\\/lamelio.pl\\\/fr\\\/?s={search_term_string}\"},\"query-input\":{\"@type\":\"PropertyValueSpecification\",\"valueRequired\":true,\"valueName\":\"search_term_string\"}}],\"inLanguage\":\"fr-FR\"}]}<\/script>\n<!-- \/ Yoast SEO plugin. -->","yoast_head_json":{"title":"Lamelio\u00e0 t\u00e9l\u00e9charger - Lamelio Wall Panels","robots":{"index":"index","follow":"follow","max-snippet":"max-snippet:-1","max-image-preview":"max-image-preview:large","max-video-preview":"max-video-preview:-1"},"canonical":"https:\/\/lamelio.pl\/fr\/do-pobrania\/","og_locale":"fr_FR","og_type":"article","og_title":"Lamelio\u00e0 t\u00e9l\u00e9charger - Lamelio Wall Panels","og_description":"Nous avons pr\u00e9par\u00e9 un ensemble complet de documents PDF \u00e0 t\u00e9l\u00e9charger : Catalogue Chic Catalogue Prime et Allure Catalogue Veneer Catalogue des plinthes Garantie Mod\u00e8les 3D Questions &amp; R\u00e9ponses Fiche technique Lamelio Fiche Technique Plinthes Lamelio Notice de peinture Classement de r\u00e9sistance au feu Propri\u00e9t\u00e9s acoustiques du polystyr\u00e8ne Fiche technique des colles Sp\u00e9cification de l\u2019\u00e9clairage [&hellip;]","og_url":"https:\/\/lamelio.pl\/fr\/do-pobrania\/","og_site_name":"Lamelio Wall Panels","article_modified_time":"2025-11-05T22:18:30+00:00","og_image":[{"width":1200,"height":630,"url":"https:\/\/lamelio.pl\/wp-content\/uploads\/2021\/11\/lamelio_og.png","type":"image\/png"}],"twitter_card":"summary_large_image","twitter_misc":{"Dur\u00e9e de lecture estim\u00e9e":"1 minute"},"schema":{"@context":"https:\/\/schema.org","@graph":[{"@type":"WebPage","@id":"https:\/\/lamelio.pl\/fr\/do-pobrania\/","url":"https:\/\/lamelio.pl\/fr\/do-pobrania\/","name":"Lamelio\u00e0 t\u00e9l\u00e9charger - Lamelio Wall Panels","isPartOf":{"@id":"https:\/\/lamelio.pl\/fr\/#website"},"datePublished":"2024-04-30T17:12:22+00:00","dateModified":"2025-11-05T22:18:30+00:00","breadcrumb":{"@id":"https:\/\/lamelio.pl\/fr\/do-pobrania\/#breadcrumb"},"inLanguage":"fr-FR","potentialAction":[{"@type":"ReadAction","target":["https:\/\/lamelio.pl\/fr\/do-pobrania\/"]}]},{"@type":"BreadcrumbList","@id":"https:\/\/lamelio.pl\/fr\/do-pobrania\/#breadcrumb","itemListElement":[{"@type":"ListItem","position":1,"name":"Strona g\u0142\u00f3wna","item":"https:\/\/lamelio.pl\/fr\/"},{"@type":"ListItem","position":2,"name":"Lamelio\u00e0 t\u00e9l\u00e9charger"}]},{"@type":"WebSite","@id":"https:\/\/lamelio.pl\/fr\/#website","url":"https:\/\/lamelio.pl\/fr\/","name":"Lamelio Wall Panels","description":"Panele dekoracyjne do pokoju i \u0142azienek - odkryj nowe oblicze swoich \u015bcian","potentialAction":[{"@type":"SearchAction","target":{"@type":"EntryPoint","urlTemplate":"https:\/\/lamelio.pl\/fr\/?s={search_term_string}"},"query-input":{"@type":"PropertyValueSpecification","valueRequired":true,"valueName":"search_term_string"}}],"inLanguage":"fr-FR"}]}},"_links":{"self":[{"href":"https:\/\/lamelio.pl\/fr\/wp-json\/wp\/v2\/pages\/4269","targetHints":{"allow":["GET"]}}],"collection":[{"href":"https:\/\/lamelio.pl\/fr\/wp-json\/wp\/v2\/pages"}],"about":[{"href":"https:\/\/lamelio.pl\/fr\/wp-json\/wp\/v2\/types\/page"}],"author":[{"embeddable":true,"href":"https:\/\/lamelio.pl\/fr\/wp-json\/wp\/v2\/users\/1"}],"replies":[{"embeddable":true,"href":"https:\/\/lamelio.pl\/fr\/wp-json\/wp\/v2\/comments?post=4269"}],"version-history":[{"count":8,"href":"https:\/\/lamelio.pl\/fr\/wp-json\/wp\/v2\/pages\/4269\/revisions"}],"predecessor-version":[{"id":5462,"href":"https:\/\/lamelio.pl\/fr\/wp-json\/wp\/v2\/pages\/4269\/revisions\/5462"}],"wp:attachment":[{"href":"https:\/\/lamelio.pl\/fr\/wp-json\/wp\/v2\/media?parent=4269"}],"curies":[{"name":"wp","href":"https:\/\/api.w.org\/{rel}","templated":true}]}}